{"id":2,"date":"2019-07-29T17:14:10","date_gmt":"2019-07-29T15:14:10","guid":{"rendered":"http:\/\/www.tmwraps.at\/home\/?page_id=2"},"modified":"2025-12-22T18:20:22","modified_gmt":"2025-12-22T17:20:22","slug":"about","status":"publish","type":"page","link":"https:\/\/www.tmwraps.at\/home\/","title":{"rendered":"\u00dcber uns"},"content":{"rendered":"\n<p><\/p>\n\n\n\n<blockquote class=\"wp-block-quote is-layout-flow wp-block-quote-is-layout-flow\"><p>Mein Name ist Traian Moldovan. Mit dem Folieren habe ich 2013 angefangen und schnell mein Talent und meine Leidenschaft f\u00fcr diesen Beruf entdeckt.<\/p><p>Durch viel Engagement habe ich mich stets weiterentwickeln k\u00f6nnen. Dazu kommen mittlerweile auch viele Auszeichnungen bei nationalen und internationalen Wettbewerben.<\/p><p>2019 hat sich ein Traum f\u00fcr mich erf\u00fcllt. Ich erzielte bei der diesj\u00e4hrigen Europameisterschaft in M\u00fcnchen den 2. Platz und kr\u00f6nte mich zum Vizeeuropameister!<\/p><p>Es folgte die Weltmeisterschaft am Tag darauf. Mit viel Motivation durch den Titel am Vortag gab ich mein Bestes und erzielte den 1. Platz.<\/p><p>World Wrap Master 2019 &#8211; einfach nur gro\u00dfartig!<\/p><p>Ich freue mich auf weitere erfolgreiche Jahre und darauf, meinen Kunden die bestm\u00f6gliche Qualit\u00e4t anbieten zu k\u00f6nnen. <\/p><\/blockquote>\n\n\n\n<blockquote class=\"wp-block-quote is-layout-flow wp-block-quote-is-layout-flow\"><p>Auf Grund meiner nun langj\u00e4hrigen Erfahrung und Erfolge als Folierer, bin ich stolz darauf seit Anfang 2019 mit meinem Unternehmen TM Wraps selbst\u00e4ndig zu sein. Grund f\u00fcr diesen Schritt war die Empfehlung und Unterst\u00fctzung mehrerer hochrangiger Folienhersteller weltweit, mit denen ich viele Projekte abgeschlossen habe.<\/p><p>Die erfolgreichen Partnerschaften erm\u00f6glichten mir die besten Weiterbildungen im Foliensektor.<\/p><p>Mit gro\u00dfer Freude habe ich folgende Pr\u00fcfungen abgelegt und wichtige Zertifikate erringen k\u00f6nnen:<\/p><p>3M &#8211; Vehicle Graphics Installer<\/p><p>Avery Dennison &#8211; SI  Level 1 , SI Level 2<\/p><p>3M &#8211; Architectural Installer<\/p><p>Hexis &#8211; Bodyfence Certificate (Steinschlagschutz)<\/p><p><\/p><p>H\u00f6chstm\u00f6gliche Qualit\u00e4t ist bei TM Wraps Standard.<\/p><p>Wir freuen uns auf zuk\u00fcnftige Projekte mit Ihnen!<\/p><\/blockquote>\n\n\n\n<figure class=\"wp-block-image size-large\"><img loading=\"lazy\" decoding=\"async\" width=\"683\" height=\"1024\" src=\"http:\/\/www.tmwraps.at\/home\/wp-content\/uploads\/2020\/02\/IMG_7078-683x1024.jpg\" alt=\"\" class=\"wp-image-230\" srcset=\"https:\/\/www.tmwraps.at\/home\/wp-content\/uploads\/2020\/02\/IMG_7078-683x1024.jpg 683w, https:\/\/www.tmwraps.at\/home\/wp-content\/uploads\/2020\/02\/IMG_7078-200x300.jpg 200w, https:\/\/www.tmwraps.at\/home\/wp-content\/uploads\/2020\/02\/IMG_7078-768x1151.jpg 768w, https:\/\/www.tmwraps.at\/home\/wp-content\/uploads\/2020\/02\/IMG_7078-1025x1536.jpg 1025w, https:\/\/www.tmwraps.at\/home\/wp-content\/uploads\/2020\/02\/IMG_7078-860x1289.jpg 860w, https:\/\/www.tmwraps.at\/home\/wp-content\/uploads\/2020\/02\/IMG_7078-680x1019.jpg 680w, https:\/\/www.tmwraps.at\/home\/wp-content\/uploads\/2020\/02\/IMG_7078-500x750.jpg 500w, https:\/\/www.tmwraps.at\/home\/wp-content\/uploads\/2020\/02\/IMG_7078-400x600.jpg 400w, https:\/\/www.tmwraps.at\/home\/wp-content\/uploads\/2020\/02\/IMG_7078-250x375.jpg 250w, https:\/\/www.tmwraps.at\/home\/wp-content\/uploads\/2020\/02\/IMG_7078-100x150.jpg 100w, https:\/\/www.tmwraps.at\/home\/wp-content\/uploads\/2020\/02\/IMG_7078-76x114.jpg 76w, https:\/\/www.tmwraps.at\/home\/wp-content\/uploads\/2020\/02\/IMG_7078-50x75.jpg 50w, https:\/\/www.tmwraps.at\/home\/wp-content\/uploads\/2020\/02\/IMG_7078.jpg 1182w\" sizes=\"auto, (max-width: 683px) 100vw, 683px\" \/><\/figure>\n","protected":false},"excerpt":{"rendered":"<p>Mein Name ist Traian Moldovan. Mit dem Folieren habe ich 2013 angefangen und schnell mein Talent und meine Leidenschaft f\u00fcr diesen Beruf entdeckt. Durch viel Engagement habe ich mich stets weiterentwickeln k\u00f6nnen. Dazu kommen mittlerweile auch viele Auszeichnungen bei nationalen und internationalen Wettbewerben. 2019 hat sich ein Traum f\u00fcr mich erf\u00fcllt. Ich erzielte bei der [&hellip;]<\/p>\n","protected":false},"author":7,"featured_media":180,"parent":0,"menu_order":0,"comment_status":"closed","ping_status":"open","template":"","meta":{"footnotes":""},"class_list":["post-2","page","type-page","status-publish","has-post-thumbnail","hentry"],"yoast_head":"<!-- This site is optimized with the Yoast SEO plugin v25.7 - https:\/\/yoast.com\/wordpress\/plugins\/seo\/ -->\n<title>\u00dcber uns - TMWraps<\/title>\n<meta name=\"robots\" content=\"index, follow, max-snippet:-1, max-image-preview:large, max-video-preview:-1\" \/>\n<link rel=\"canonical\" href=\"https:\/\/www.tmwraps.at\/home\/\" \/>\n<meta property=\"og:locale\" content=\"de_DE\" \/>\n<meta property=\"og:type\" content=\"article\" \/>\n<meta property=\"og:title\" content=\"\u00dcber uns - TMWraps\" \/>\n<meta property=\"og:description\" content=\"Mein Name ist Traian Moldovan. Mit dem Folieren habe ich 2013 angefangen und schnell mein Talent und meine Leidenschaft f\u00fcr diesen Beruf entdeckt. Durch viel Engagement habe ich mich stets weiterentwickeln k\u00f6nnen. Dazu kommen mittlerweile auch viele Auszeichnungen bei nationalen und internationalen Wettbewerben. 2019 hat sich ein Traum f\u00fcr mich erf\u00fcllt. Ich erzielte bei der [&hellip;]\" \/>\n<meta property=\"og:url\" content=\"https:\/\/www.tmwraps.at\/home\/\" \/>\n<meta property=\"og:site_name\" content=\"TMWraps\" \/>\n<meta property=\"article:modified_time\" content=\"2025-12-22T17:20:22+00:00\" \/>\n<meta property=\"og:image\" content=\"https:\/\/www.tmwraps.at\/home\/wp-content\/uploads\/2019\/11\/IMG_7156.jpg\" \/>\n\t<meta property=\"og:image:width\" content=\"3024\" \/>\n\t<meta property=\"og:image:height\" content=\"3024\" \/>\n\t<meta property=\"og:image:type\" content=\"image\/jpeg\" \/>\n<meta name=\"twitter:card\" content=\"summary_large_image\" \/>\n<meta name=\"twitter:label1\" content=\"Gesch\u00e4tzte Lesezeit\" \/>\n\t<meta name=\"twitter:data1\" content=\"1\u00a0Minute\" \/>\n<script type=\"application\/ld+json\" class=\"yoast-schema-graph\">{\"@context\":\"https:\/\/schema.org\",\"@graph\":[{\"@type\":\"WebPage\",\"@id\":\"https:\/\/www.tmwraps.at\/home\/\",\"url\":\"https:\/\/www.tmwraps.at\/home\/\",\"name\":\"\u00dcber uns - TMWraps\",\"isPartOf\":{\"@id\":\"https:\/\/www.tmwraps.at\/home\/#website\"},\"primaryImageOfPage\":{\"@id\":\"https:\/\/www.tmwraps.at\/home\/#primaryimage\"},\"image\":{\"@id\":\"https:\/\/www.tmwraps.at\/home\/#primaryimage\"},\"thumbnailUrl\":\"https:\/\/www.tmwraps.at\/home\/wp-content\/uploads\/2019\/11\/IMG_7156.jpg\",\"datePublished\":\"2019-07-29T15:14:10+00:00\",\"dateModified\":\"2025-12-22T17:20:22+00:00\",\"breadcrumb\":{\"@id\":\"https:\/\/www.tmwraps.at\/home\/#breadcrumb\"},\"inLanguage\":\"de\",\"potentialAction\":[{\"@type\":\"ReadAction\",\"target\":[\"https:\/\/www.tmwraps.at\/home\/\"]}]},{\"@type\":\"ImageObject\",\"inLanguage\":\"de\",\"@id\":\"https:\/\/www.tmwraps.at\/home\/#primaryimage\",\"url\":\"https:\/\/www.tmwraps.at\/home\/wp-content\/uploads\/2019\/11\/IMG_7156.jpg\",\"contentUrl\":\"https:\/\/www.tmwraps.at\/home\/wp-content\/uploads\/2019\/11\/IMG_7156.jpg\",\"width\":3024,\"height\":3024},{\"@type\":\"BreadcrumbList\",\"@id\":\"https:\/\/www.tmwraps.at\/home\/#breadcrumb\",\"itemListElement\":[{\"@type\":\"ListItem\",\"position\":1,\"name\":\"Home\",\"item\":\"https:\/\/www.tmwraps.at\/home\/\"},{\"@type\":\"ListItem\",\"position\":2,\"name\":\"\u00dcber uns\"}]},{\"@type\":\"WebSite\",\"@id\":\"https:\/\/www.tmwraps.at\/home\/#website\",\"url\":\"https:\/\/www.tmwraps.at\/home\/\",\"name\":\"TMWraps\",\"description\":\"\",\"publisher\":{\"@id\":\"https:\/\/www.tmwraps.at\/home\/#organization\"},\"potentialAction\":[{\"@type\":\"SearchAction\",\"target\":{\"@type\":\"EntryPoint\",\"urlTemplate\":\"https:\/\/www.tmwraps.at\/home\/?s={search_term_string}\"},\"query-input\":{\"@type\":\"PropertyValueSpecification\",\"valueRequired\":true,\"valueName\":\"search_term_string\"}}],\"inLanguage\":\"de\"},{\"@type\":\"Organization\",\"@id\":\"https:\/\/www.tmwraps.at\/home\/#organization\",\"name\":\"TMWraps\",\"url\":\"https:\/\/www.tmwraps.at\/home\/\",\"logo\":{\"@type\":\"ImageObject\",\"inLanguage\":\"de\",\"@id\":\"https:\/\/www.tmwraps.at\/home\/#\/schema\/logo\/image\/\",\"url\":\"https:\/\/www.tmwraps.at\/home\/wp-content\/uploads\/2019\/07\/cropped-tm.png\",\"contentUrl\":\"https:\/\/www.tmwraps.at\/home\/wp-content\/uploads\/2019\/07\/cropped-tm.png\",\"width\":148,\"height\":238,\"caption\":\"TMWraps\"},\"image\":{\"@id\":\"https:\/\/www.tmwraps.at\/home\/#\/schema\/logo\/image\/\"}}]}<\/script>\n<!-- \/ Yoast SEO plugin. -->","yoast_head_json":{"title":"\u00dcber uns - TMWraps","robots":{"index":"index","follow":"follow","max-snippet":"max-snippet:-1","max-image-preview":"max-image-preview:large","max-video-preview":"max-video-preview:-1"},"canonical":"https:\/\/www.tmwraps.at\/home\/","og_locale":"de_DE","og_type":"article","og_title":"\u00dcber uns - TMWraps","og_description":"Mein Name ist Traian Moldovan. Mit dem Folieren habe ich 2013 angefangen und schnell mein Talent und meine Leidenschaft f\u00fcr diesen Beruf entdeckt. Durch viel Engagement habe ich mich stets weiterentwickeln k\u00f6nnen. Dazu kommen mittlerweile auch viele Auszeichnungen bei nationalen und internationalen Wettbewerben. 2019 hat sich ein Traum f\u00fcr mich erf\u00fcllt. Ich erzielte bei der [&hellip;]","og_url":"https:\/\/www.tmwraps.at\/home\/","og_site_name":"TMWraps","article_modified_time":"2025-12-22T17:20:22+00:00","og_image":[{"width":3024,"height":3024,"url":"https:\/\/www.tmwraps.at\/home\/wp-content\/uploads\/2019\/11\/IMG_7156.jpg","type":"image\/jpeg"}],"twitter_card":"summary_large_image","twitter_misc":{"Gesch\u00e4tzte Lesezeit":"1\u00a0Minute"},"schema":{"@context":"https:\/\/schema.org","@graph":[{"@type":"WebPage","@id":"https:\/\/www.tmwraps.at\/home\/","url":"https:\/\/www.tmwraps.at\/home\/","name":"\u00dcber uns - TMWraps","isPartOf":{"@id":"https:\/\/www.tmwraps.at\/home\/#website"},"primaryImageOfPage":{"@id":"https:\/\/www.tmwraps.at\/home\/#primaryimage"},"image":{"@id":"https:\/\/www.tmwraps.at\/home\/#primaryimage"},"thumbnailUrl":"https:\/\/www.tmwraps.at\/home\/wp-content\/uploads\/2019\/11\/IMG_7156.jpg","datePublished":"2019-07-29T15:14:10+00:00","dateModified":"2025-12-22T17:20:22+00:00","breadcrumb":{"@id":"https:\/\/www.tmwraps.at\/home\/#breadcrumb"},"inLanguage":"de","potentialAction":[{"@type":"ReadAction","target":["https:\/\/www.tmwraps.at\/home\/"]}]},{"@type":"ImageObject","inLanguage":"de","@id":"https:\/\/www.tmwraps.at\/home\/#primaryimage","url":"https:\/\/www.tmwraps.at\/home\/wp-content\/uploads\/2019\/11\/IMG_7156.jpg","contentUrl":"https:\/\/www.tmwraps.at\/home\/wp-content\/uploads\/2019\/11\/IMG_7156.jpg","width":3024,"height":3024},{"@type":"BreadcrumbList","@id":"https:\/\/www.tmwraps.at\/home\/#breadcrumb","itemListElement":[{"@type":"ListItem","position":1,"name":"Home","item":"https:\/\/www.tmwraps.at\/home\/"},{"@type":"ListItem","position":2,"name":"\u00dcber uns"}]},{"@type":"WebSite","@id":"https:\/\/www.tmwraps.at\/home\/#website","url":"https:\/\/www.tmwraps.at\/home\/","name":"TMWraps","description":"","publisher":{"@id":"https:\/\/www.tmwraps.at\/home\/#organization"},"potentialAction":[{"@type":"SearchAction","target":{"@type":"EntryPoint","urlTemplate":"https:\/\/www.tmwraps.at\/home\/?s={search_term_string}"},"query-input":{"@type":"PropertyValueSpecification","valueRequired":true,"valueName":"search_term_string"}}],"inLanguage":"de"},{"@type":"Organization","@id":"https:\/\/www.tmwraps.at\/home\/#organization","name":"TMWraps","url":"https:\/\/www.tmwraps.at\/home\/","logo":{"@type":"ImageObject","inLanguage":"de","@id":"https:\/\/www.tmwraps.at\/home\/#\/schema\/logo\/image\/","url":"https:\/\/www.tmwraps.at\/home\/wp-content\/uploads\/2019\/07\/cropped-tm.png","contentUrl":"https:\/\/www.tmwraps.at\/home\/wp-content\/uploads\/2019\/07\/cropped-tm.png","width":148,"height":238,"caption":"TMWraps"},"image":{"@id":"https:\/\/www.tmwraps.at\/home\/#\/schema\/logo\/image\/"}}]}},"_links":{"self":[{"href":"https:\/\/www.tmwraps.at\/home\/index.php?rest_route=\/wp\/v2\/pages\/2","targetHints":{"allow":["GET"]}}],"collection":[{"href":"https:\/\/www.tmwraps.at\/home\/index.php?rest_route=\/wp\/v2\/pages"}],"about":[{"href":"https:\/\/www.tmwraps.at\/home\/index.php?rest_route=\/wp\/v2\/types\/page"}],"author":[{"embeddable":true,"href":"https:\/\/www.tmwraps.at\/home\/index.php?rest_route=\/wp\/v2\/users\/7"}],"replies":[{"embeddable":true,"href":"https:\/\/www.tmwraps.at\/home\/index.php?rest_route=%2Fwp%2Fv2%2Fcomments&post=2"}],"version-history":[{"count":7,"href":"https:\/\/www.tmwraps.at\/home\/index.php?rest_route=\/wp\/v2\/pages\/2\/revisions"}],"predecessor-version":[{"id":311,"href":"https:\/\/www.tmwraps.at\/home\/index.php?rest_route=\/wp\/v2\/pages\/2\/revisions\/311"}],"wp:featuredmedia":[{"embeddable":true,"href":"https:\/\/www.tmwraps.at\/home\/index.php?rest_route=\/wp\/v2\/media\/180"}],"wp:attachment":[{"href":"https:\/\/www.tmwraps.at\/home\/index.php?rest_route=%2Fwp%2Fv2%2Fmedia&parent=2"}],"curies":[{"name":"wp","href":"https:\/\/api.w.org\/{rel}","templated":true}]}}